{"id":2152,"date":"2017-06-29T16:52:26","date_gmt":"2017-06-29T14:52:26","guid":{"rendered":"https:\/\/zoobizar.nl\/orvelte\/"},"modified":"2019-08-31T13:55:50","modified_gmt":"2019-08-31T11:55:50","slug":"orvelte","status":"publish","type":"page","link":"https:\/\/zoobizar.nl\/de\/orvelte\/","title":{"rendered":"Orvelte"},"content":{"rendered":"<p><img fetchpriority=\"high\" decoding=\"async\" class=\"alignright wp-image-606 size-medium\" src=\"http:\/\/zoobizar.nl\/wp-content\/uploads\/snoep-van-toen-224x300.jpg\" alt=\"Snoep van Toen\" width=\"224\" height=\"300\" srcset=\"https:\/\/zoobizar.nl\/wp-content\/uploads\/snoep-van-toen-224x300.jpg 224w, https:\/\/zoobizar.nl\/wp-content\/uploads\/snoep-van-toen.jpg 373w\" sizes=\"(max-width: 224px) 100vw, 224px\" \/><\/p>\n<h1>Orvelte ein Charakteristisches Denkmaldorf<\/h1>\n<p>&nbsp;<\/p>\n<p>Fast alle Ortstypische mit Reetgedeckte S\u00e4chsische Bauernh\u00f6fe stehen auf der Denkmalschutzliste. Um dieses Kulturelle Denkmalschutz zu Erhalten sind fast alle Geb\u00e4ude Eigentum von der Stiftung das Drentse Landschap. Wandernd \u00fcber die alte Klinkerstra\u00dfen und Findling Wege, auch Kinderk\u00f6pfe genannt kann man das Dorfs Leben genie\u00dfen. Alte Stra\u00dfenlaterne, Schwere Holzz\u00e4une und gr\u00fcne Wiesen mit Alte Nutztierrassen.<\/p>\n<p>F\u00fcr die jenigen die Interesse haben in Gro\u00dfmutters Zeiten gibt es eine Filmvorf\u00fchrung mit besondere Effekten im Kinosaal von der Orvelter Poort und anschlie\u00dfend eine blick wagen im Ottenhoes. In den Wochenenden und Schulferien ist die Alte Schmiede und der Holzschuhmacher ge\u00f6ffnet und werden vor Ort Vorf\u00fchrungen dieser alte Sitten gemacht.<\/p>\n<p>&nbsp;<\/p>\n<div class=\"bd-containereffect-6 container-effect container \">\n<div class=\" bd-stretchtobottom-2 bd-stretch-to-bottom\" data-control-selector=\".bd-contentlayout-7\">\n<div class=\"bd-contentlayout-7 bd-sheetstyles bd-no-margins bd-margins\">\n<div class=\"bd-container-inner\">\n<div class=\"bd-flex-vertical bd-stretch-inner bd-no-margins\">\n<div class=\"bd-flex-horizontal bd-flex-wide bd-no-margins\">\n<div class=\"bd-flex-vertical bd-flex-wide bd-no-margins\">\n<div class=\" bd-layoutitemsbox-21 bd-flex-wide bd-margins\">\n<div class=\" bd-content-12\">\n<div class=\" bd-blog-3\">\n<div class=\"bd-container-inner\">\n<div class=\" bd-grid-6 bd-margins\">\n<div class=\"container-fluid\">\n<div class=\"separated-grid row\">\n<div class=\"separated-item-21 col-md-12 first-col last-row last-col\">\n<div class=\"bd-griditem-21\">\n<article id=\"post-90\" class=\" bd-article-4 clearfix hentry post-90 page type-page status-publish has-post-thumbnail hentry\">\n<div class=\" bd-postcontent-3 bd-tagstyles entry-content bd-contentlayout-offset\">\n<div class=\"bd-containereffect-6 container-effect container \">\n<div class=\" bd-stretchtobottom-2 bd-stretch-to-bottom\" data-control-selector=\".bd-contentlayout-7\">\n<div class=\"bd-contentlayout-7 bd-sheetstyles bd-no-margins bd-margins\">\n<div class=\"bd-container-inner\">\n<div class=\"bd-flex-vertical bd-stretch-inner bd-no-margins\">\n<div class=\"bd-flex-horizontal bd-flex-wide bd-no-margins\">\n<div class=\"bd-flex-vertical bd-flex-wide bd-no-margins\">\n<div class=\" bd-layoutitemsbox-21 bd-flex-wide bd-margins\">\n<div class=\" bd-content-12\">\n<div class=\" bd-blog-3\">\n<div class=\"bd-container-inner\">\n<div class=\" bd-grid-6 bd-margins\">\n<div class=\"container-fluid\">\n<div class=\"separated-grid row\">\n<div class=\"separated-item-21 col-md-12 first-col last-row last-col\">\n<div class=\"bd-griditem-21\">\n<article id=\"post-90\" class=\" bd-article-4 clearfix hentry post-90 page type-page status-publish has-post-thumbnail hentry\">\n<div class=\" bd-postcontent-3 bd-tagstyles entry-content bd-contentlayout-offset\">\n<h2>Aktivit\u00e4ten in Orvelte<\/h2>\n<p>F\u00fcr weitere Informationen und Aktualit\u00e4ten \u00fcber \u00d6ffnungszeiten, M\u00e4rkten und Shows,<\/p>\n<p><img decoding=\"async\" class=\"alignright wp-image-605 size-medium\" src=\"http:\/\/zoobizar.nl\/wp-content\/uploads\/orvelte-dorp-300x200.jpg\" alt=\"Orvelte\" width=\"300\" height=\"200\" srcset=\"https:\/\/zoobizar.nl\/wp-content\/uploads\/orvelte-dorp-300x200.jpg 300w, https:\/\/zoobizar.nl\/wp-content\/uploads\/orvelte-dorp.jpg 500w\" sizes=\"(max-width: 300px) 100vw, 300px\" \/>\u00a0besuchen Sie die <a href=\"https:\/\/orvelte.net\/deutsch\/\">Webseite van Orvelte<\/a><\/p>\n<\/div>\n<\/article>\n<\/div>\n<\/div>\n<\/div>\n<\/div>\n<\/div>\n<\/div>\n<\/div>\n<\/div>\n<\/div>\n<\/div>\n<\/div>\n<\/div>\n<\/div>\n<\/div>\n<\/div>\n<\/div>\n<section id=\"section13\" class=\" bd-section-17 bd-tagstyles\" data-section-title=\"Section\"><\/section>\n<\/div>\n<\/article>\n<\/div>\n<\/div>\n<\/div>\n<\/div>\n<\/div>\n<\/div>\n<\/div>\n<\/div>\n<\/div>\n<\/div>\n<\/div>\n<\/div>\n<\/div>\n<\/div>\n<\/div>\n<\/div>\n<section id=\"section13\" class=\" bd-section-17 bd-tagstyles\" data-section-title=\"Section\"><\/section>\n","protected":false},"excerpt":{"rendered":"<p>Orvelte ein Charakteristisches Denkmaldorf &nbsp; Fast alle Ortstypische mit Reetgedeckte S\u00e4chsische Bauernh\u00f6fe stehen auf der Denkmalschutzliste. Um dieses Kulturelle Denkmalschutz zu Erhalten sind fast alle Geb\u00e4ude Eigentum von der Stiftung das Drentse Landschap. Wandernd \u00fcber die alte Klinkerstra\u00dfen und Findling Wege, auch Kinderk\u00f6pfe genannt kann man das Dorfs Leben genie\u00dfen. Alte Stra\u00dfenlaterne, Schwere Holzz\u00e4une und &hellip; <a href=\"https:\/\/zoobizar.nl\/de\/orvelte\/\" class=\"more-link\">Continue reading <span class=\"screen-reader-text\">Orvelte<\/span><\/a><\/p>\n","protected":false},"author":9,"featured_media":2154,"parent":0,"menu_order":0,"comment_status":"closed","ping_status":"closed","template":"","meta":{"footnotes":""},"yoast_head":"<!-- This site is optimized with the Yoast SEO plugin v24.5 - https:\/\/yoast.com\/wordpress\/plugins\/seo\/ -->\r\n<title>Bezoek het karakteristieke monumentendorp Orvelte in Drenthe<\/title>\r\n<meta name=\"description\" content=\"Orvelte een\u00a0karakteristiek monumentendorp. Bijna alle prachtige rietgedekte Saksische boerderijen staan op de monumentenlijst.\" \/>\r\n<meta name=\"robots\" content=\"index, follow, max-snippet:-1, max-image-preview:large, max-video-preview:-1\" \/>\r\n<link rel=\"canonical\" href=\"https:\/\/zoobizar.nl\/de\/orvelte\/\" \/>\r\n<meta property=\"og:locale\" content=\"de_DE\" \/>\r\n<meta property=\"og:type\" content=\"article\" \/>\r\n<meta property=\"og:title\" content=\"Bezoek het karakteristieke monumentendorp Orvelte in Drenthe\" \/>\r\n<meta property=\"og:description\" content=\"Orvelte een\u00a0karakteristiek monumentendorp. Bijna alle prachtige rietgedekte Saksische boerderijen staan op de monumentenlijst.\" \/>\r\n<meta property=\"og:url\" content=\"https:\/\/zoobizar.nl\/de\/orvelte\/\" \/>\r\n<meta property=\"og:site_name\" content=\"Zoo Bizar\" \/>\r\n<meta property=\"article:publisher\" content=\"https:\/\/www.facebook.com\/zoobizar\" \/>\r\n<meta property=\"article:modified_time\" content=\"2019-08-31T11:55:50+00:00\" \/>\r\n<meta property=\"og:image\" content=\"https:\/\/zoobizar.nl\/wp-content\/uploads\/Orvelte-Foto-HDL-2.jpg\" \/>\r\n\t<meta property=\"og:image:width\" content=\"799\" \/>\r\n\t<meta property=\"og:image:height\" content=\"387\" \/>\r\n\t<meta property=\"og:image:type\" content=\"image\/jpeg\" \/>\r\n<meta name=\"twitter:card\" content=\"summary_large_image\" \/>\r\n<meta name=\"twitter:label1\" content=\"Gesch\u00e4tzte Lesezeit\" \/>\n\t<meta name=\"twitter:data1\" content=\"1\u00a0Minute\" \/>\r\n<script type=\"application\/ld+json\" class=\"yoast-schema-graph\">{\"@context\":\"https:\/\/schema.org\",\"@graph\":[{\"@type\":\"WebPage\",\"@id\":\"https:\/\/zoobizar.nl\/de\/orvelte\/\",\"url\":\"https:\/\/zoobizar.nl\/de\/orvelte\/\",\"name\":\"Bezoek het karakteristieke monumentendorp Orvelte in Drenthe\",\"isPartOf\":{\"@id\":\"https:\/\/zoobizar.nl\/#website\"},\"primaryImageOfPage\":{\"@id\":\"https:\/\/zoobizar.nl\/de\/orvelte\/#primaryimage\"},\"image\":{\"@id\":\"https:\/\/zoobizar.nl\/de\/orvelte\/#primaryimage\"},\"thumbnailUrl\":\"https:\/\/zoobizar.nl\/wp-content\/uploads\/Orvelte-Foto-HDL-2.jpg\",\"datePublished\":\"2017-06-29T14:52:26+00:00\",\"dateModified\":\"2019-08-31T11:55:50+00:00\",\"description\":\"Orvelte een\u00a0karakteristiek monumentendorp. Bijna alle prachtige rietgedekte Saksische boerderijen staan op de monumentenlijst.\",\"breadcrumb\":{\"@id\":\"https:\/\/zoobizar.nl\/de\/orvelte\/#breadcrumb\"},\"inLanguage\":\"de\",\"potentialAction\":[{\"@type\":\"ReadAction\",\"target\":[\"https:\/\/zoobizar.nl\/de\/orvelte\/\"]}]},{\"@type\":\"ImageObject\",\"inLanguage\":\"de\",\"@id\":\"https:\/\/zoobizar.nl\/de\/orvelte\/#primaryimage\",\"url\":\"https:\/\/zoobizar.nl\/wp-content\/uploads\/Orvelte-Foto-HDL-2.jpg\",\"contentUrl\":\"https:\/\/zoobizar.nl\/wp-content\/uploads\/Orvelte-Foto-HDL-2.jpg\",\"width\":799,\"height\":387},{\"@type\":\"BreadcrumbList\",\"@id\":\"https:\/\/zoobizar.nl\/de\/orvelte\/#breadcrumb\",\"itemListElement\":[{\"@type\":\"ListItem\",\"position\":1,\"name\":\"Home\",\"item\":\"https:\/\/zoobizar.nl\/\"},{\"@type\":\"ListItem\",\"position\":2,\"name\":\"Orvelte\"}]},{\"@type\":\"WebSite\",\"@id\":\"https:\/\/zoobizar.nl\/#website\",\"url\":\"https:\/\/zoobizar.nl\/\",\"name\":\"Zoo Bizar\",\"description\":\"Mini Zoo in Orvelte\",\"publisher\":{\"@id\":\"https:\/\/zoobizar.nl\/#organization\"},\"potentialAction\":[{\"@type\":\"SearchAction\",\"target\":{\"@type\":\"EntryPoint\",\"urlTemplate\":\"https:\/\/zoobizar.nl\/?s={search_term_string}\"},\"query-input\":{\"@type\":\"PropertyValueSpecification\",\"valueRequired\":true,\"valueName\":\"search_term_string\"}}],\"inLanguage\":\"de\"},{\"@type\":\"Organization\",\"@id\":\"https:\/\/zoobizar.nl\/#organization\",\"name\":\"Zoo Bizar\",\"url\":\"https:\/\/zoobizar.nl\/\",\"logo\":{\"@type\":\"ImageObject\",\"inLanguage\":\"de\",\"@id\":\"https:\/\/zoobizar.nl\/#\/schema\/logo\/image\/\",\"url\":\"https:\/\/zoobizar.nl\/wp-content\/uploads\/zoobizar-logo.png\",\"contentUrl\":\"https:\/\/zoobizar.nl\/wp-content\/uploads\/zoobizar-logo.png\",\"width\":370,\"height\":224,\"caption\":\"Zoo Bizar\"},\"image\":{\"@id\":\"https:\/\/zoobizar.nl\/#\/schema\/logo\/image\/\"},\"sameAs\":[\"https:\/\/www.facebook.com\/zoobizar\",\"https:\/\/nl.wikipedia.org\/wiki\/Zoo_Bizar\"]}]}<\/script>\r\n<!-- \/ Yoast SEO plugin. -->","yoast_head_json":{"title":"Bezoek het karakteristieke monumentendorp Orvelte in Drenthe","description":"Orvelte een\u00a0karakteristiek monumentendorp. Bijna alle prachtige rietgedekte Saksische boerderijen staan op de monumentenlijst.","robots":{"index":"index","follow":"follow","max-snippet":"max-snippet:-1","max-image-preview":"max-image-preview:large","max-video-preview":"max-video-preview:-1"},"canonical":"https:\/\/zoobizar.nl\/de\/orvelte\/","og_locale":"de_DE","og_type":"article","og_title":"Bezoek het karakteristieke monumentendorp Orvelte in Drenthe","og_description":"Orvelte een\u00a0karakteristiek monumentendorp. Bijna alle prachtige rietgedekte Saksische boerderijen staan op de monumentenlijst.","og_url":"https:\/\/zoobizar.nl\/de\/orvelte\/","og_site_name":"Zoo Bizar","article_publisher":"https:\/\/www.facebook.com\/zoobizar","article_modified_time":"2019-08-31T11:55:50+00:00","og_image":[{"width":799,"height":387,"url":"https:\/\/zoobizar.nl\/wp-content\/uploads\/Orvelte-Foto-HDL-2.jpg","type":"image\/jpeg"}],"twitter_card":"summary_large_image","twitter_misc":{"Gesch\u00e4tzte Lesezeit":"1\u00a0Minute"},"schema":{"@context":"https:\/\/schema.org","@graph":[{"@type":"WebPage","@id":"https:\/\/zoobizar.nl\/de\/orvelte\/","url":"https:\/\/zoobizar.nl\/de\/orvelte\/","name":"Bezoek het karakteristieke monumentendorp Orvelte in Drenthe","isPartOf":{"@id":"https:\/\/zoobizar.nl\/#website"},"primaryImageOfPage":{"@id":"https:\/\/zoobizar.nl\/de\/orvelte\/#primaryimage"},"image":{"@id":"https:\/\/zoobizar.nl\/de\/orvelte\/#primaryimage"},"thumbnailUrl":"https:\/\/zoobizar.nl\/wp-content\/uploads\/Orvelte-Foto-HDL-2.jpg","datePublished":"2017-06-29T14:52:26+00:00","dateModified":"2019-08-31T11:55:50+00:00","description":"Orvelte een\u00a0karakteristiek monumentendorp. Bijna alle prachtige rietgedekte Saksische boerderijen staan op de monumentenlijst.","breadcrumb":{"@id":"https:\/\/zoobizar.nl\/de\/orvelte\/#breadcrumb"},"inLanguage":"de","potentialAction":[{"@type":"ReadAction","target":["https:\/\/zoobizar.nl\/de\/orvelte\/"]}]},{"@type":"ImageObject","inLanguage":"de","@id":"https:\/\/zoobizar.nl\/de\/orvelte\/#primaryimage","url":"https:\/\/zoobizar.nl\/wp-content\/uploads\/Orvelte-Foto-HDL-2.jpg","contentUrl":"https:\/\/zoobizar.nl\/wp-content\/uploads\/Orvelte-Foto-HDL-2.jpg","width":799,"height":387},{"@type":"BreadcrumbList","@id":"https:\/\/zoobizar.nl\/de\/orvelte\/#breadcrumb","itemListElement":[{"@type":"ListItem","position":1,"name":"Home","item":"https:\/\/zoobizar.nl\/"},{"@type":"ListItem","position":2,"name":"Orvelte"}]},{"@type":"WebSite","@id":"https:\/\/zoobizar.nl\/#website","url":"https:\/\/zoobizar.nl\/","name":"Zoo Bizar","description":"Mini Zoo in Orvelte","publisher":{"@id":"https:\/\/zoobizar.nl\/#organization"},"potentialAction":[{"@type":"SearchAction","target":{"@type":"EntryPoint","urlTemplate":"https:\/\/zoobizar.nl\/?s={search_term_string}"},"query-input":{"@type":"PropertyValueSpecification","valueRequired":true,"valueName":"search_term_string"}}],"inLanguage":"de"},{"@type":"Organization","@id":"https:\/\/zoobizar.nl\/#organization","name":"Zoo Bizar","url":"https:\/\/zoobizar.nl\/","logo":{"@type":"ImageObject","inLanguage":"de","@id":"https:\/\/zoobizar.nl\/#\/schema\/logo\/image\/","url":"https:\/\/zoobizar.nl\/wp-content\/uploads\/zoobizar-logo.png","contentUrl":"https:\/\/zoobizar.nl\/wp-content\/uploads\/zoobizar-logo.png","width":370,"height":224,"caption":"Zoo Bizar"},"image":{"@id":"https:\/\/zoobizar.nl\/#\/schema\/logo\/image\/"},"sameAs":["https:\/\/www.facebook.com\/zoobizar","https:\/\/nl.wikipedia.org\/wiki\/Zoo_Bizar"]}]}},"_links":{"self":[{"href":"https:\/\/zoobizar.nl\/de\/wp-json\/wp\/v2\/pages\/2152"}],"collection":[{"href":"https:\/\/zoobizar.nl\/de\/wp-json\/wp\/v2\/pages"}],"about":[{"href":"https:\/\/zoobizar.nl\/de\/wp-json\/wp\/v2\/types\/page"}],"author":[{"embeddable":true,"href":"https:\/\/zoobizar.nl\/de\/wp-json\/wp\/v2\/users\/9"}],"replies":[{"embeddable":true,"href":"https:\/\/zoobizar.nl\/de\/wp-json\/wp\/v2\/comments?post=2152"}],"version-history":[{"count":5,"href":"https:\/\/zoobizar.nl\/de\/wp-json\/wp\/v2\/pages\/2152\/revisions"}],"predecessor-version":[{"id":2162,"href":"https:\/\/zoobizar.nl\/de\/wp-json\/wp\/v2\/pages\/2152\/revisions\/2162"}],"wp:featuredmedia":[{"embeddable":true,"href":"https:\/\/zoobizar.nl\/de\/wp-json\/wp\/v2\/media\/2154"}],"wp:attachment":[{"href":"https:\/\/zoobizar.nl\/de\/wp-json\/wp\/v2\/media?parent=2152"}],"curies":[{"name":"wp","href":"https:\/\/api.w.org\/{rel}","templated":true}]}}